{"id":1017,"date":"2025-06-17T15:00:32","date_gmt":"2025-06-17T13:00:32","guid":{"rendered":"https:\/\/fmg.be\/about\/"},"modified":"2025-08-04T10:34:44","modified_gmt":"2025-08-04T08:34:44","slug":"about","status":"publish","type":"page","link":"https:\/\/fmg.be\/en\/about\/","title":{"rendered":"About FMG"},"content":{"rendered":"\n<div class=\"wp-block-columns is-style-default content-container is-layout-flex wp-container-core-columns-is-layout-ef06f3fc wp-block-columns-is-layout-flex\">\n<div class=\"wp-block-column is-layout-flow wp-block-column-is-layout-flow\" style=\"flex-basis:48%\">\n<blockquote class=\"wp-block-quote is-layout-flow wp-block-quote-is-layout-flow\">\n<pre class=\"wp-block-verse\">Since 1998, Fiduciaire Montgomery (FMG) has constantly developed its expertise in the area of legal, tax and accounting services.<\/pre>\n<\/blockquote>\n\n\n\n<p>Keeping very regular (\u201creal time\u201d) and rigorous accounting is an indispensable prerequisite for making this accounting (which remains our \u201ccore business\u201d) a real management tool that is essential for effective decision-making for managing and thus developing the business.<\/p>\n\n\n\n<p>It is also meticulous and precise accounting that will permit effective tax optimisation.<\/p>\n\n\n\n<p>We have adopted new accounting technologies in order to optimise the effectiveness of the encoding and strive for a completely digital management of your accounting.<br\/><\/p>\n\n\n\n<figure class=\"wp-block-image size-large\" style=\"margin-bottom:var(--wp--preset--spacing--60);margin-left:-10rem\" data-focalx=\"0.5\" data-focaly=\"0.4\"><img loading=\"lazy\" decoding=\"async\" width=\"1024\" height=\"683\" src=\"https:\/\/fmg.be\/wp-content\/uploads\/2025\/07\/visual-about-01-1024x683.jpg\" alt=\"\" class=\"wp-image-302\" srcset=\"https:\/\/fmg.be\/wp-content\/uploads\/2025\/07\/visual-about-01-1024x683.jpg 1024w, https:\/\/fmg.be\/wp-content\/uploads\/2025\/07\/visual-about-01-300x200.jpg 300w, https:\/\/fmg.be\/wp-content\/uploads\/2025\/07\/visual-about-01-768x512.jpg 768w, https:\/\/fmg.be\/wp-content\/uploads\/2025\/07\/visual-about-01-1536x1024.jpg 1536w, https:\/\/fmg.be\/wp-content\/uploads\/2025\/07\/visual-about-01-2048x1365.jpg 2048w\" sizes=\"auto, (max-width: 1024px) 100vw, 1024px\" \/><\/figure>\n\n\n\n<figure class=\"wp-block-pullquote has-text-align-left has-base-2-color has-text-color has-background has-link-color wp-elements-23d1ded0462f44d24f62ef94f77fbdd3\" style=\"background-color:#223e4c;padding-top:43px;padding-right:68px;padding-bottom:43px;padding-left:68px\"><blockquote><p><em>Our objective<\/em><br\/>To offer a high-quality, transparent, personalised service where every client, large or small, receives full consideration.<\/p><\/blockquote><\/figure>\n<\/div>\n\n\n\n<div class=\"wp-block-column is-layout-flow wp-container-core-column-is-layout-a77db08e wp-block-column-is-layout-flow\" style=\"flex-basis:48%\">\n<figure class=\"wp-block-pullquote has-text-align-left dark has-base-2-color has-text-color has-background has-link-color wp-elements-5a3bb4e5b9af985130d71066025ce593\" style=\"background-color:#0a2939;margin-bottom:var(--wp--preset--spacing--50);padding-top:43px;padding-right:68px;padding-bottom:43px;padding-left:68px\"><blockquote><p><strong>Our keywords<\/strong><br\/>Competence<br\/>Trust<br\/>Professionalism<br\/>Diversity of services<\/p><\/blockquote><\/figure>\n\n\n\n<p><br\/>Our fees are in line with the market. We will give you a price offer at the end of a first discussion with you, and after having jointly determined the specific nature of the services to be provided.<\/p>\n\n\n\n<p><br\/>We are determined to create a long-term relationship of trust , and dialogue and regular exchanges are indispensable for building such a relationship. Developing and maintaining such positive communication is an intrinsic part of our philosophy and values that we wish to share with our clients.<br\/><\/p>\n\n\n\n<h3 class=\"wp-block-heading\">Trust as the keystone for a sound and sustainable collaboration.<br\/><\/h3>\n\n\n\n<p>The word \u201cfiduciary\u201d comes from the Latin \u201cfiducia\u201d, meaning trust or credit. For us, this trust is the keystone of a sound and sustainable collaboration with our clients. It goes both ways.<br\/><\/p>\n\n\n\n<p>Our wish is to furnish personalised advice so as to guide the client in the management of his business and the intricate ins and outs of the tax law.<br\/><\/p>\n\n\n\n<p>We want to remain a fiduciary on a human scale, to maintain first-line contact with our clients and offer them a continuity of service and contact person.<br\/><\/p>\n\n\n\n<p>We also wish to be able to respond in all the areas encountered by the SME (tax law &#8211; employment law &#8211; administrative law).<br\/><\/p>\n\n\n\n<h3 class=\"wp-block-heading\">FMG is above all<br\/><\/h3>\n\n\n\n<ul class=\"wp-block-list\">\n<li>Intellectual honesty<\/li>\n\n\n\n<li>Confidentiality and respect for your privacy<\/li>\n\n\n\n<li>Independence vis-\u00e0-vis third parties (banks, insurance, etc.)<\/li>\n\n\n\n<li>Value-added accounting &amp; tax services<\/li>\n\n\n\n<li>Fluid and transparent communication<\/li>\n<\/ul>\n<\/div>\n<\/div>\n\n<h2 class=\"wp-block-heading alignfull\">The partners<\/h2>\n\n<div class=\"wp-block-query carousel-associes has-slick is-layout-constrained wp-block-query-is-layout-constrained\"><ul class=\"columns-3 wp-block-post-template is-layout-grid wp-container-core-post-template-is-layout-572542b5 wp-block-post-template-is-layout-grid\"><li class=\"wp-block-post post-1102 associes type-associes status-publish has-post-thumbnail hentry\">\n<figure class=\"wp-block-post-featured-image\"><img loading=\"lazy\" decoding=\"async\" width=\"781\" height=\"1024\" src=\"https:\/\/fmg.be\/wp-content\/uploads\/2025\/07\/anthony-fant-781x1024.jpg\" class=\"attachment-large size-large wp-post-image\" alt=\"\" style=\"object-fit:cover;\" srcset=\"https:\/\/fmg.be\/wp-content\/uploads\/2025\/07\/anthony-fant-781x1024.jpg 781w, https:\/\/fmg.be\/wp-content\/uploads\/2025\/07\/anthony-fant-229x300.jpg 229w, https:\/\/fmg.be\/wp-content\/uploads\/2025\/07\/anthony-fant-768x1007.jpg 768w, https:\/\/fmg.be\/wp-content\/uploads\/2025\/07\/anthony-fant.jpg 798w\" sizes=\"auto, (max-width: 781px) 100vw, 781px\" \/><\/figure>\n\n\n<div class=\"wp-block-columns is-layout-flex wp-container-core-columns-is-layout-28f84493 wp-block-columns-is-layout-flex\">\n<div class=\"wp-block-column overlay-card is-layout-flow wp-block-column-is-layout-flow\"><h2 class=\"wp-block-post-title\">Anthony Fant<\/h2>\n\n<div class=\"entry-content wp-block-post-content is-layout-flow wp-block-post-content-is-layout-flow\">\n<p><a href=\"mailto:a.fant@fmg.be\">a.fant@fmg.be<\/a><\/p>\n\n<p>Bruxelles :<a href=\"tel:+3227387098\">02\/738.70.98<\/a><\/p>\n\n<p>Tournai :<a href=\"tel:+3269532213\">069\/53.22.13<\/a><\/p>\n\n<ul class=\"wp-block-list\">\n<li>Born in 1985<\/li>\n\n\n\n<li>Bachelor in accounting &#8211; option taxation at the Haute Ecole Roi Baudouin with great distinction<\/li>\n\n\n\n<li>Tax consultant IEC since 2014<\/li>\n\n\n\n<li>Associate at Fiduciaire Montgomery since 2008<\/li>\n\n\n\n<li>Partner of Fiduciaire Montgomery since 2017<\/li>\n\n\n\n<li>Lecturer in basic management at the Centre de Formation \u00e0 Distance<\/li>\n\n\n\n<li>Founder of the Tournai office<\/li>\n\n\n\n<li>President of the Professional Union of Accountants of Western Hainaut<\/li>\n<\/ul>\n\n<p>Within the fiduciary, he is specialized in the procedures of constitution and liquidation of companies. His favorite subjects are corporate tax and VAT. <\/p>\n\n<p>He is also specialised in non-profit associations and the non-commercial sector.<\/p>\n<\/div><\/div>\n<\/div>\n\n<\/li><li class=\"wp-block-post post-1109 associes type-associes status-publish has-post-thumbnail hentry\">\n<figure class=\"wp-block-post-featured-image\"><img loading=\"lazy\" decoding=\"async\" width=\"781\" height=\"1024\" src=\"https:\/\/fmg.be\/wp-content\/uploads\/2025\/07\/amaury-de-la-chevalerie-1-781x1024.jpg\" class=\"attachment-large size-large wp-post-image\" alt=\"\" style=\"object-fit:cover;\" srcset=\"https:\/\/fmg.be\/wp-content\/uploads\/2025\/07\/amaury-de-la-chevalerie-1-781x1024.jpg 781w, https:\/\/fmg.be\/wp-content\/uploads\/2025\/07\/amaury-de-la-chevalerie-1-229x300.jpg 229w, https:\/\/fmg.be\/wp-content\/uploads\/2025\/07\/amaury-de-la-chevalerie-1-768x1007.jpg 768w, https:\/\/fmg.be\/wp-content\/uploads\/2025\/07\/amaury-de-la-chevalerie-1.jpg 798w\" sizes=\"auto, (max-width: 781px) 100vw, 781px\" \/><\/figure>\n\n\n<div class=\"wp-block-columns is-layout-flex wp-container-core-columns-is-layout-28f84493 wp-block-columns-is-layout-flex\">\n<div class=\"wp-block-column overlay-card is-layout-flow wp-block-column-is-layout-flow\"><h2 class=\"wp-block-post-title\">Amaury de la Chevalerie<\/h2>\n\n<div class=\"entry-content wp-block-post-content is-layout-flow wp-block-post-content-is-layout-flow\">\n<p><a href=\"mailto:a.delachevalerie@fmg.be\">a<\/a><a href=\"mailto:a.delachevalerie@fmg.be\">a.delachevalerie@fmg.be<\/a><\/p>\n\n<p>Bruxelles :<a href=\"tel:+3227387098\">02\/738.70.98<\/a><\/p>\n\n<ul class=\"wp-block-list\">\n<li>Born in 1965<\/li>\n\n\n\n<li>IEC tax advisor since 2000<\/li>\n\n\n\n<li>Law degree ULB<\/li>\n\n\n\n<li>Special licence in taxation ULB (1991)<\/li>\n\n\n\n<li>Author of tax articles<\/li>\n\n\n\n<li>Tax Administration inspector from 1991 to 2000<\/li>\n<\/ul>\n\n<p>Within Fiduciaire he is specialised in tax proceedings, tax adjustments, estate planning, wealth structuring and contacts on particular issues with the tax administrations.<\/p>\n\n<p>He is also specialised in non-profit associations and the non-commercial sector.<\/p>\n<\/div><\/div>\n<\/div>\n\n<\/li><li class=\"wp-block-post post-1106 associes type-associes status-publish has-post-thumbnail hentry\">\n<figure class=\"wp-block-post-featured-image\"><img loading=\"lazy\" decoding=\"async\" width=\"781\" height=\"1024\" src=\"https:\/\/fmg.be\/wp-content\/uploads\/2025\/07\/phil-jucklet-1-781x1024.jpg\" class=\"attachment-large size-large wp-post-image\" alt=\"\" style=\"object-fit:cover;\" srcset=\"https:\/\/fmg.be\/wp-content\/uploads\/2025\/07\/phil-jucklet-1-781x1024.jpg 781w, https:\/\/fmg.be\/wp-content\/uploads\/2025\/07\/phil-jucklet-1-229x300.jpg 229w, https:\/\/fmg.be\/wp-content\/uploads\/2025\/07\/phil-jucklet-1-768x1007.jpg 768w, https:\/\/fmg.be\/wp-content\/uploads\/2025\/07\/phil-jucklet-1.jpg 798w\" sizes=\"auto, (max-width: 781px) 100vw, 781px\" \/><\/figure>\n\n\n<div class=\"wp-block-columns is-layout-flex wp-container-core-columns-is-layout-28f84493 wp-block-columns-is-layout-flex\">\n<div class=\"wp-block-column overlay-card is-layout-flow wp-block-column-is-layout-flow\"><h2 class=\"wp-block-post-title\">Philippe Juckler<\/h2>\n\n<div class=\"entry-content wp-block-post-content is-layout-flow wp-block-post-content-is-layout-flow\">\n<p><a href=\"mailto:p.juckler@fmg.be\">p.juckler@fmg.be<\/a><\/p>\n\n<p>Louvain-la-Neuve : <a href=\"tel:+32010849895\">010\/84.98.95<\/a><\/p>\n\n<ul class=\"wp-block-list\">\n<li>Born in 1961<\/li>\n\n\n\n<li>IEC certified accountant and tax advisor<\/li>\n\n\n\n<li>Special master in tax management from the Solvay Brussels School of Economics and Management (SBS-EM) in 2011, magna cum laude<\/li>\n\n\n\n<li>Master of Business Administration (M.B.A.) from the University of Paris I Sorbonne-Panth\u00e9on (I.A.E. Paris) in 1990, cum laude<\/li>\n\n\n\n<li>Degree in Mechanical Civil Engineering from the Catholic University of Louvain in 1984, magna cum laude<\/li>\n\n\n\n<li>Experience in large multinational companies as project manager since 1987, then as senior auditor from 1996 to 1998<\/li>\n\n\n\n<li>Experience as manager of Business Units and General Manager in international groups from 1998 to 2008, involving operational management as well as several mergers\/acquisitions<\/li>\n\n\n\n<li>Employee of Fiduciaire Montgomery since 2009, Partner since 2011<\/li>\n<\/ul>\n\n<p>Within Fiduciaire, he specialises in the evaluation of businesses, management companies, company management, transfer prices, patents, intangible assets and international tax planning.<\/p>\n<\/div><\/div>\n<\/div>\n\n<\/li><li class=\"wp-block-post post-446 associes type-associes status-publish has-post-thumbnail hentry\">\n<figure class=\"wp-block-post-featured-image\"><img loading=\"lazy\" decoding=\"async\" width=\"620\" height=\"1024\" src=\"https:\/\/fmg.be\/wp-content\/uploads\/2025\/09\/Photo-Carlo-620x1024.jpg\" class=\"attachment-large size-large wp-post-image\" alt=\"\" style=\"object-fit:cover;\" srcset=\"https:\/\/fmg.be\/wp-content\/uploads\/2025\/09\/Photo-Carlo-620x1024.jpg 620w, https:\/\/fmg.be\/wp-content\/uploads\/2025\/09\/Photo-Carlo-768x1268.jpg 768w\" sizes=\"auto, (max-width: 620px) 100vw, 620px\" \/><\/figure>\n\n\n<div class=\"wp-block-columns is-layout-flex wp-container-core-columns-is-layout-28f84493 wp-block-columns-is-layout-flex\">\n<div class=\"wp-block-column overlay-card is-layout-flow wp-block-column-is-layout-flow\"><h2 class=\"wp-block-post-title\">Carlo Di Francesco<\/h2>\n\n<div class=\"entry-content wp-block-post-content is-layout-flow wp-block-post-content-is-layout-flow\">\n<p><a href=\"mailto:c.difrancesco@fmg.be\">c.difrancesco@fmg.be<\/a><\/p>\n\n\n\n<p>Louvain-la-Neuve : <a href=\"tel:003210849888\">010\/84.98.88<\/a><\/p>\n\n\n\n<ul class=\"wp-block-list\">\n<li>N\u00e9 en 1994<\/li>\n\n\n\n<li>Bachelier en comptabilit\u00e9 \u2013 option fiscalit\u00e9 \u00e0 la Haute Ecole Condorcet &#8211; avec distinction<\/li>\n\n\n\n<li>Expert-comptable et fiscal certifi\u00e9 ITAA depuis 2022<\/li>\n\n\n\n<li>Collaborateur au sein de la Fiduciaire Montgomery depuis 2017<\/li>\n\n\n\n<li>Associ\u00e9 de la Fiduciaire Montgomery depuis 2025<\/li>\n\n\n\n<li>Fondateur du bureau de Charleroi<\/li>\n<\/ul>\n\n\n\n<p>Au sein de la fiduciaire, il est sp\u00e9cialis\u00e9 dans les proc\u00e9dures de constitution et de liquidation des soci\u00e9t\u00e9s ainsi que dans l\u2019accompagnement, la croissance et le d\u00e9veloppement des entreprises \u2013 notamment pour le secteur m\u00e9dical et param\u00e9dical, les professions lib\u00e9rales &amp; soci\u00e9t\u00e9s de management.<\/p>\n\n\n\n<p>Ses mati\u00e8res de pr\u00e9dilections sont l\u2019imp\u00f4t des soci\u00e9t\u00e9s &amp; le CSA.<\/p>\n<\/div><\/div>\n<\/div>\n\n<\/li><li class=\"wp-block-post post-943 associes type-associes status-publish has-post-thumbnail hentry\">\n<figure class=\"wp-block-post-featured-image\"><img loading=\"lazy\" decoding=\"async\" width=\"1024\" height=\"791\" src=\"https:\/\/fmg.be\/wp-content\/uploads\/2025\/08\/Photo-Dorian-1024x791.jpg\" class=\"attachment-large size-large wp-post-image\" alt=\"\" style=\"object-fit:cover;\" srcset=\"https:\/\/fmg.be\/wp-content\/uploads\/2025\/08\/Photo-Dorian-1024x791.jpg 1024w, https:\/\/fmg.be\/wp-content\/uploads\/2025\/08\/Photo-Dorian-300x232.jpg 300w, https:\/\/fmg.be\/wp-content\/uploads\/2025\/08\/Photo-Dorian-768x593.jpg 768w, https:\/\/fmg.be\/wp-content\/uploads\/2025\/08\/Photo-Dorian.jpg 1398w\" sizes=\"auto, (max-width: 1024px) 100vw, 1024px\" \/><\/figure>\n\n\n<div class=\"wp-block-columns is-layout-flex wp-container-core-columns-is-layout-28f84493 wp-block-columns-is-layout-flex\">\n<div class=\"wp-block-column overlay-card is-layout-flow wp-block-column-is-layout-flow\"><h2 class=\"wp-block-post-title\">Dorian Verstraete<\/h2>\n\n<div class=\"entry-content wp-block-post-content is-layout-flow wp-block-post-content-is-layout-flow\">\n<p><a href=\"mailto:d.verstraete@fmg.be\">d.verstraete@fmg.be<\/a><\/p>\n\n\n\n<p>Louvain-la-Neuve : 010\/84.98.93<\/p>\n\n\n\n<ul class=\"wp-block-list\">\n<li>N\u00e9 en 1989<\/li>\n\n\n\n<li>Bachelier en comptabilit\u00e9 \u2013 option fiscalit\u00e9 \u00e0 la Haute Ecole EPHEC avec distinction<\/li>\n\n\n\n<li>Expert-comptable et fiscal certifi\u00e9 ITAA depuis 2018<\/li>\n\n\n\n<li>Collaborateur au sein de la Fiduciaire Montgomery depuis 2011<\/li>\n\n\n\n<li>Associ\u00e9 de la Fiduciaire Montgomery depuis 2025<\/li>\n\n\n\n<li>Expert reconnu par le SPW, labellis\u00e9 dans le cadre du dispositif des ch\u00e8ques-entreprises dans la \u00ab Th\u00e9matique Cr\u00e9ation \u00bb et dans la \u00ab&nbsp;Th\u00e9matique Croissance \u00bb<\/li>\n<\/ul>\n\n\n\n<p>Au sein de la fiduciaire, il est sp\u00e9cialis\u00e9 dans les proc\u00e9dures de constitution et de liquidation des soci\u00e9t\u00e9s ainsi que dans l\u2019accompagnement, la croissance et le d\u00e9veloppement d&#8217;entreprise.<\/p>\n\n\n\n<p>Ses mati\u00e8res de pr\u00e9dilections sont l\u2019imp\u00f4t des soci\u00e9t\u00e9s et l\u2019imp\u00f4t des personnes physiques.<\/p>\n<\/div><\/div>\n<\/div>\n\n<\/li><\/ul><\/div>\n\n<div class=\"wp-block-group is-layout-constrained wp-block-group-is-layout-constrained\" style=\"margin-bottom:var(--wp--preset--spacing--70)\">\n<h3 class=\"wp-block-heading bottom-menu-title has-secondary-color has-text-color has-link-color wp-elements-6e4d3639fa322962c8961cc2c7cc1df0\" style=\"margin-top:var(--wp--preset--spacing--60);margin-left:0;padding-right:0;padding-left:var(--wp--preset--spacing--50)\">Our services<\/h3>\n\n\n<nav class=\"items-justified-left is-vertical bottom-menu wp-block-navigation is-content-justification-left is-layout-flex wp-container-core-navigation-is-layout-dd225191 wp-block-navigation-is-layout-flex\" aria-label=\"Menu\"><ul class=\"wp-block-navigation__container items-justified-left is-vertical bottom-menu wp-block-navigation\"><li class=\" wp-block-navigation-item wp-block-navigation-link\"><a class=\"wp-block-navigation-item__content\"  href=\"https:\/\/fmg.be\/en\/our-services\/#comptabilite\"><span class=\"wp-block-navigation-item__label\">Accounting<\/span><\/a><\/li><li class=\" wp-block-navigation-item wp-block-navigation-link\"><a class=\"wp-block-navigation-item__content\"  href=\"https:\/\/fmg.be\/en\/our-services\/#fiscalite\"><span class=\"wp-block-navigation-item__label\">Taxation<\/span><\/a><\/li><li class=\" wp-block-navigation-item wp-block-navigation-link\"><a class=\"wp-block-navigation-item__content\"  href=\"https:\/\/fmg.be\/en\/our-services\/#gestion-financiere\"><span class=\"wp-block-navigation-item__label\">Financial management<\/span><\/a><\/li><li class=\" wp-block-navigation-item wp-block-navigation-link\"><a class=\"wp-block-navigation-item__content\"  href=\"https:\/\/fmg.be\/en\/our-services\/#gestion-de-patrimoine\"><span class=\"wp-block-navigation-item__label\">Wealth management<\/span><\/a><\/li><li class=\" wp-block-navigation-item wp-block-navigation-link\"><a class=\"wp-block-navigation-item__content\"  href=\"https:\/\/fmg.be\/en\/our-services\/#juridique\"><span class=\"wp-block-navigation-item__label\">Legal<\/span><\/a><\/li><\/ul><\/nav><\/div>\n","protected":false},"excerpt":{"rendered":"<p>Fiduciaire<\/p>\n","protected":false},"author":1,"featured_media":1263,"parent":0,"menu_order":0,"comment_status":"closed","ping_status":"closed","template":"","meta":{"footnotes":""},"class_list":["post-1017","page","type-page","status-publish","has-post-thumbnail","hentry"],"yoast_head":"<!-- This site is optimized with the Yoast SEO plugin v27.4 - https:\/\/yoast.com\/product\/yoast-seo-wordpress\/ -->\n<title>About FMG - Fiduciaire Montgomery<\/title>\n<meta name=\"robots\" content=\"index, follow, max-snippet:-1, max-image-preview:large, max-video-preview:-1\" \/>\n<link rel=\"canonical\" href=\"https:\/\/fmg.be\/en\/about\/\" \/>\n<meta property=\"og:locale\" content=\"en_US\" \/>\n<meta property=\"og:type\" content=\"article\" \/>\n<meta property=\"og:title\" content=\"About FMG - Fiduciaire Montgomery\" \/>\n<meta property=\"og:description\" content=\"Fiduciaire\" \/>\n<meta property=\"og:url\" content=\"https:\/\/fmg.be\/en\/about\/\" \/>\n<meta property=\"og:site_name\" content=\"Fiduciaire Montgomery\" \/>\n<meta property=\"article:modified_time\" content=\"2025-08-04T08:34:44+00:00\" \/>\n<meta property=\"og:image\" content=\"https:\/\/fmg.be\/wp-content\/uploads\/2025\/06\/contact-fmg-scaled.jpg\" \/>\n\t<meta property=\"og:image:width\" content=\"2560\" \/>\n\t<meta property=\"og:image:height\" content=\"1707\" \/>\n\t<meta property=\"og:image:type\" content=\"image\/jpeg\" \/>\n<meta name=\"twitter:card\" content=\"summary_large_image\" \/>\n<meta name=\"twitter:label1\" content=\"Est. reading time\" \/>\n\t<meta name=\"twitter:data1\" content=\"2 minutes\" \/>\n<script type=\"application\/ld+json\" class=\"yoast-schema-graph\">{\"@context\":\"https:\\\/\\\/schema.org\",\"@graph\":[{\"@type\":\"WebPage\",\"@id\":\"https:\\\/\\\/fmg.be\\\/en\\\/about\\\/\",\"url\":\"https:\\\/\\\/fmg.be\\\/en\\\/about\\\/\",\"name\":\"About FMG - Fiduciaire Montgomery\",\"isPartOf\":{\"@id\":\"https:\\\/\\\/fmg.be\\\/#website\"},\"primaryImageOfPage\":{\"@id\":\"https:\\\/\\\/fmg.be\\\/en\\\/about\\\/#primaryimage\"},\"image\":{\"@id\":\"https:\\\/\\\/fmg.be\\\/en\\\/about\\\/#primaryimage\"},\"thumbnailUrl\":\"https:\\\/\\\/fmg.be\\\/wp-content\\\/uploads\\\/2025\\\/09\\\/Y-Photo-AF-CDF-DVY-1-e1757614749698.jpg\",\"datePublished\":\"2025-06-17T13:00:32+00:00\",\"dateModified\":\"2025-08-04T08:34:44+00:00\",\"breadcrumb\":{\"@id\":\"https:\\\/\\\/fmg.be\\\/en\\\/about\\\/#breadcrumb\"},\"inLanguage\":\"en-US\",\"potentialAction\":[{\"@type\":\"ReadAction\",\"target\":[\"https:\\\/\\\/fmg.be\\\/en\\\/about\\\/\"]}]},{\"@type\":\"ImageObject\",\"inLanguage\":\"en-US\",\"@id\":\"https:\\\/\\\/fmg.be\\\/en\\\/about\\\/#primaryimage\",\"url\":\"https:\\\/\\\/fmg.be\\\/wp-content\\\/uploads\\\/2025\\\/09\\\/Y-Photo-AF-CDF-DVY-1-e1757614749698.jpg\",\"contentUrl\":\"https:\\\/\\\/fmg.be\\\/wp-content\\\/uploads\\\/2025\\\/09\\\/Y-Photo-AF-CDF-DVY-1-e1757614749698.jpg\",\"width\":1280,\"height\":946},{\"@type\":\"BreadcrumbList\",\"@id\":\"https:\\\/\\\/fmg.be\\\/en\\\/about\\\/#breadcrumb\",\"itemListElement\":[{\"@type\":\"ListItem\",\"position\":1,\"name\":\"Accueil\",\"item\":\"https:\\\/\\\/fmg.be\\\/en\\\/\"},{\"@type\":\"ListItem\",\"position\":2,\"name\":\"About FMG\"}]},{\"@type\":\"WebSite\",\"@id\":\"https:\\\/\\\/fmg.be\\\/#website\",\"url\":\"https:\\\/\\\/fmg.be\\\/\",\"name\":\"Fiduciaire Montgomery\",\"description\":\"Une approche globale en ligne avec vos besoins\",\"publisher\":{\"@id\":\"https:\\\/\\\/fmg.be\\\/#organization\"},\"potentialAction\":[{\"@type\":\"SearchAction\",\"target\":{\"@type\":\"EntryPoint\",\"urlTemplate\":\"https:\\\/\\\/fmg.be\\\/?s={search_term_string}\"},\"query-input\":{\"@type\":\"PropertyValueSpecification\",\"valueRequired\":true,\"valueName\":\"search_term_string\"}}],\"inLanguage\":\"en-US\"},{\"@type\":\"Organization\",\"@id\":\"https:\\\/\\\/fmg.be\\\/#organization\",\"name\":\"Fiduciaire Montgomery\",\"url\":\"https:\\\/\\\/fmg.be\\\/\",\"logo\":{\"@type\":\"ImageObject\",\"inLanguage\":\"en-US\",\"@id\":\"https:\\\/\\\/fmg.be\\\/#\\\/schema\\\/logo\\\/image\\\/\",\"url\":\"https:\\\/\\\/fmg.be\\\/wp-content\\\/uploads\\\/2025\\\/06\\\/logo-fmg-color-tiny.svg\",\"contentUrl\":\"https:\\\/\\\/fmg.be\\\/wp-content\\\/uploads\\\/2025\\\/06\\\/logo-fmg-color-tiny.svg\",\"caption\":\"Fiduciaire Montgomery\"},\"image\":{\"@id\":\"https:\\\/\\\/fmg.be\\\/#\\\/schema\\\/logo\\\/image\\\/\"}}]}<\/script>\n<!-- \/ Yoast SEO plugin. -->","yoast_head_json":{"title":"About FMG - Fiduciaire Montgomery","robots":{"index":"index","follow":"follow","max-snippet":"max-snippet:-1","max-image-preview":"max-image-preview:large","max-video-preview":"max-video-preview:-1"},"canonical":"https:\/\/fmg.be\/en\/about\/","og_locale":"en_US","og_type":"article","og_title":"About FMG - Fiduciaire Montgomery","og_description":"Fiduciaire","og_url":"https:\/\/fmg.be\/en\/about\/","og_site_name":"Fiduciaire Montgomery","article_modified_time":"2025-08-04T08:34:44+00:00","og_image":[{"width":2560,"height":1707,"url":"https:\/\/fmg.be\/wp-content\/uploads\/2025\/06\/contact-fmg-scaled.jpg","type":"image\/jpeg"}],"twitter_card":"summary_large_image","twitter_misc":{"Est. reading time":"2 minutes"},"schema":{"@context":"https:\/\/schema.org","@graph":[{"@type":"WebPage","@id":"https:\/\/fmg.be\/en\/about\/","url":"https:\/\/fmg.be\/en\/about\/","name":"About FMG - Fiduciaire Montgomery","isPartOf":{"@id":"https:\/\/fmg.be\/#website"},"primaryImageOfPage":{"@id":"https:\/\/fmg.be\/en\/about\/#primaryimage"},"image":{"@id":"https:\/\/fmg.be\/en\/about\/#primaryimage"},"thumbnailUrl":"https:\/\/fmg.be\/wp-content\/uploads\/2025\/09\/Y-Photo-AF-CDF-DVY-1-e1757614749698.jpg","datePublished":"2025-06-17T13:00:32+00:00","dateModified":"2025-08-04T08:34:44+00:00","breadcrumb":{"@id":"https:\/\/fmg.be\/en\/about\/#breadcrumb"},"inLanguage":"en-US","potentialAction":[{"@type":"ReadAction","target":["https:\/\/fmg.be\/en\/about\/"]}]},{"@type":"ImageObject","inLanguage":"en-US","@id":"https:\/\/fmg.be\/en\/about\/#primaryimage","url":"https:\/\/fmg.be\/wp-content\/uploads\/2025\/09\/Y-Photo-AF-CDF-DVY-1-e1757614749698.jpg","contentUrl":"https:\/\/fmg.be\/wp-content\/uploads\/2025\/09\/Y-Photo-AF-CDF-DVY-1-e1757614749698.jpg","width":1280,"height":946},{"@type":"BreadcrumbList","@id":"https:\/\/fmg.be\/en\/about\/#breadcrumb","itemListElement":[{"@type":"ListItem","position":1,"name":"Accueil","item":"https:\/\/fmg.be\/en\/"},{"@type":"ListItem","position":2,"name":"About FMG"}]},{"@type":"WebSite","@id":"https:\/\/fmg.be\/#website","url":"https:\/\/fmg.be\/","name":"Fiduciaire Montgomery","description":"Une approche globale en ligne avec vos besoins","publisher":{"@id":"https:\/\/fmg.be\/#organization"},"potentialAction":[{"@type":"SearchAction","target":{"@type":"EntryPoint","urlTemplate":"https:\/\/fmg.be\/?s={search_term_string}"},"query-input":{"@type":"PropertyValueSpecification","valueRequired":true,"valueName":"search_term_string"}}],"inLanguage":"en-US"},{"@type":"Organization","@id":"https:\/\/fmg.be\/#organization","name":"Fiduciaire Montgomery","url":"https:\/\/fmg.be\/","logo":{"@type":"ImageObject","inLanguage":"en-US","@id":"https:\/\/fmg.be\/#\/schema\/logo\/image\/","url":"https:\/\/fmg.be\/wp-content\/uploads\/2025\/06\/logo-fmg-color-tiny.svg","contentUrl":"https:\/\/fmg.be\/wp-content\/uploads\/2025\/06\/logo-fmg-color-tiny.svg","caption":"Fiduciaire Montgomery"},"image":{"@id":"https:\/\/fmg.be\/#\/schema\/logo\/image\/"}}]}},"_links":{"self":[{"href":"https:\/\/fmg.be\/en\/wp-json\/wp\/v2\/pages\/1017","targetHints":{"allow":["GET"]}}],"collection":[{"href":"https:\/\/fmg.be\/en\/wp-json\/wp\/v2\/pages"}],"about":[{"href":"https:\/\/fmg.be\/en\/wp-json\/wp\/v2\/types\/page"}],"author":[{"embeddable":true,"href":"https:\/\/fmg.be\/en\/wp-json\/wp\/v2\/users\/1"}],"replies":[{"embeddable":true,"href":"https:\/\/fmg.be\/en\/wp-json\/wp\/v2\/comments?post=1017"}],"version-history":[{"count":3,"href":"https:\/\/fmg.be\/en\/wp-json\/wp\/v2\/pages\/1017\/revisions"}],"predecessor-version":[{"id":1041,"href":"https:\/\/fmg.be\/en\/wp-json\/wp\/v2\/pages\/1017\/revisions\/1041"}],"wp:featuredmedia":[{"embeddable":true,"href":"https:\/\/fmg.be\/en\/wp-json\/wp\/v2\/media\/1263"}],"wp:attachment":[{"href":"https:\/\/fmg.be\/en\/wp-json\/wp\/v2\/media?parent=1017"}],"curies":[{"name":"wp","href":"https:\/\/api.w.org\/{rel}","templated":true}]}}