{"id":1021,"date":"2025-06-24T10:43:03","date_gmt":"2025-06-24T08:43:03","guid":{"rendered":"https:\/\/fmg.be\/news\/"},"modified":"2025-08-01T16:21:54","modified_gmt":"2025-08-01T14:21:54","slug":"news","status":"publish","type":"page","link":"https:\/\/fmg.be\/en\/news\/","title":{"rendered":"News"},"content":{"rendered":"\n<div class=\"wp-block-columns is-layout-flex wp-container-core-columns-is-layout-8dca0e93 wp-block-columns-is-layout-flex\" style=\"margin-bottom:var(--wp--preset--spacing--70)\">\n<div class=\"wp-block-column articles-container is-layout-flow wp-block-column-is-layout-flow\"><div class=\"wp-block-fd-taxonomy-filter filters_wrapper_fd-taxonomy-filter\" ><div className=\"filters-title-wrapper\"><div className=\"filters title\"><label>Filtres :<\/label><div class=\"options\"><ul><li><a class=\"active target all\" href=\"https:\/\/fmg.be\/en\/\/actualites\">Toutes cat\u00e9gories<\/a><\/li><li><a class=\"target other \" href=\"https:\/\/fmg.be\/en\/category\/other\/\">other<\/a><\/li><li><a class=\"target tax \" href=\"https:\/\/fmg.be\/en\/category\/tax\/\">tax<\/a><\/li><li><a class=\"target vat \" href=\"https:\/\/fmg.be\/en\/category\/vat\/\">vat<\/a><\/li><\/ul><\/div><\/div><\/div><\/div>\n\n\n<div class=\"wp-block-query is-layout-flow wp-block-query-is-layout-flow\"><ul class=\"columns-3 wp-block-post-template is-layout-grid wp-container-core-post-template-is-layout-6d3fbd8f wp-block-post-template-is-layout-grid\"><li class=\"wp-block-post post-1395 post type-post status-publish format-standard has-post-thumbnail hentry category-divers\">\n<figure style=\"aspect-ratio:1;\" class=\"wp-block-post-featured-image\"><img loading=\"lazy\" decoding=\"async\" width=\"1024\" height=\"680\" src=\"https:\/\/fmg.be\/wp-content\/uploads\/2026\/03\/firmbee-office-620822-1024x680.jpg\" class=\"attachment-large size-large wp-post-image\" alt=\"\" style=\"width:100%;height:100%;object-fit:cover;\" srcset=\"https:\/\/fmg.be\/wp-content\/uploads\/2026\/03\/firmbee-office-620822-1024x680.jpg 1024w, https:\/\/fmg.be\/wp-content\/uploads\/2026\/03\/firmbee-office-620822-300x199.jpg 300w, https:\/\/fmg.be\/wp-content\/uploads\/2026\/03\/firmbee-office-620822-768x510.jpg 768w, https:\/\/fmg.be\/wp-content\/uploads\/2026\/03\/firmbee-office-620822-1536x1020.jpg 1536w, https:\/\/fmg.be\/wp-content\/uploads\/2026\/03\/firmbee-office-620822-2048x1360.jpg 2048w\" sizes=\"auto, (max-width: 1024px) 100vw, 1024px\" \/><\/figure>\n\n<div class=\"wp-block-post-date has-xx-large-font-size\"><time datetime=\"2026-03-23T08:38:43+01:00\">23.03.26<\/time><\/div>\n\n<div class=\"taxonomy-category wp-block-post-terms\"><a href=\"https:\/\/fmg.be\/category\/divers\/\" rel=\"tag\">divers<\/a><\/div>\n\n<h2 class=\"wp-block-post-title has-medium-font-size\"><a href=\"https:\/\/fmg.be\/en\/listing-annuel-tva-et-les-franchises\/\" target=\"_self\" >Listing annuel TVA\u00a0et les franchis\u00e9s<\/a><\/h2>\n<\/li><li class=\"wp-block-post post-1386 post type-post status-publish format-standard has-post-thumbnail hentry category-tva\">\n<figure style=\"aspect-ratio:1;\" class=\"wp-block-post-featured-image\"><img loading=\"lazy\" decoding=\"async\" width=\"1024\" height=\"840\" src=\"https:\/\/fmg.be\/wp-content\/uploads\/2026\/02\/mediaads-invoice-880785_1280-1024x840.png\" class=\"attachment-large size-large wp-post-image\" alt=\"\" style=\"width:100%;height:100%;object-fit:cover;\" srcset=\"https:\/\/fmg.be\/wp-content\/uploads\/2026\/02\/mediaads-invoice-880785_1280-1024x840.png 1024w, https:\/\/fmg.be\/wp-content\/uploads\/2026\/02\/mediaads-invoice-880785_1280-300x246.png 300w, https:\/\/fmg.be\/wp-content\/uploads\/2026\/02\/mediaads-invoice-880785_1280-768x630.png 768w, https:\/\/fmg.be\/wp-content\/uploads\/2026\/02\/mediaads-invoice-880785_1280.png 1280w\" sizes=\"auto, (max-width: 1024px) 100vw, 1024px\" \/><\/figure>\n\n<div class=\"wp-block-post-date has-xx-large-font-size\"><time datetime=\"2026-02-04T05:54:22+01:00\">04.02.26<\/time><\/div>\n\n<div class=\"taxonomy-category wp-block-post-terms\"><a href=\"https:\/\/fmg.be\/category\/tva\/\" rel=\"tag\">tva<\/a><\/div>\n\n<h2 class=\"wp-block-post-title has-medium-font-size\"><a href=\"https:\/\/fmg.be\/en\/mon-client-fournisseur-nest-pas-pret-pour-peppol\/\" target=\"_self\" >Mon client\/fournisseur n&#8217;est pas pr\u00eat pour PEPPOL<\/a><\/h2>\n<\/li><li class=\"wp-block-post post-1307 post type-post status-publish format-standard has-post-thumbnail hentry category-fiscalite\">\n<figure style=\"aspect-ratio:1;\" class=\"wp-block-post-featured-image\"><img loading=\"lazy\" decoding=\"async\" width=\"1024\" height=\"709\" src=\"https:\/\/fmg.be\/wp-content\/uploads\/2025\/12\/gift-3030693_1280-1024x709.png\" class=\"attachment-large size-large wp-post-image\" alt=\"\" style=\"width:100%;height:100%;object-fit:cover;\" srcset=\"https:\/\/fmg.be\/wp-content\/uploads\/2025\/12\/gift-3030693_1280-1024x709.png 1024w, https:\/\/fmg.be\/wp-content\/uploads\/2025\/12\/gift-3030693_1280-300x208.png 300w, https:\/\/fmg.be\/wp-content\/uploads\/2025\/12\/gift-3030693_1280-768x532.png 768w, https:\/\/fmg.be\/wp-content\/uploads\/2025\/12\/gift-3030693_1280.png 1280w\" sizes=\"auto, (max-width: 1024px) 100vw, 1024px\" \/><\/figure>\n\n<div class=\"wp-block-post-date has-xx-large-font-size\"><time datetime=\"2025-12-11T07:33:08+01:00\">11.12.25<\/time><\/div>\n\n<div class=\"taxonomy-category wp-block-post-terms\"><a href=\"https:\/\/fmg.be\/category\/fiscalite\/\" rel=\"tag\">fiscalit\u00e9<\/a><\/div>\n\n<h2 class=\"wp-block-post-title has-medium-font-size\"><a href=\"https:\/\/fmg.be\/en\/les-cadeaux-aux-salaries\/\" target=\"_self\" >Les cadeaux au personnel<\/a><\/h2>\n<\/li><li class=\"wp-block-post post-1302 post type-post status-publish format-standard has-post-thumbnail hentry category-fiscalite category-tva\">\n<figure style=\"aspect-ratio:1;\" class=\"wp-block-post-featured-image\"><img loading=\"lazy\" decoding=\"async\" width=\"1024\" height=\"682\" src=\"https:\/\/fmg.be\/wp-content\/uploads\/2025\/12\/gift-548290_1280-1024x682.jpg\" class=\"attachment-large size-large wp-post-image\" alt=\"\" style=\"width:100%;height:100%;object-fit:cover;\" srcset=\"https:\/\/fmg.be\/wp-content\/uploads\/2025\/12\/gift-548290_1280-1024x682.jpg 1024w, https:\/\/fmg.be\/wp-content\/uploads\/2025\/12\/gift-548290_1280-300x200.jpg 300w, https:\/\/fmg.be\/wp-content\/uploads\/2025\/12\/gift-548290_1280-768x512.jpg 768w, https:\/\/fmg.be\/wp-content\/uploads\/2025\/12\/gift-548290_1280.jpg 1280w\" sizes=\"auto, (max-width: 1024px) 100vw, 1024px\" \/><\/figure>\n\n<div class=\"wp-block-post-date has-xx-large-font-size\"><time datetime=\"2025-12-11T07:07:53+01:00\">11.12.25<\/time><\/div>\n\n<div class=\"taxonomy-category wp-block-post-terms\"><a href=\"https:\/\/fmg.be\/category\/fiscalite\/\" rel=\"tag\">fiscalit\u00e9<\/a><span class=\"wp-block-post-terms__separator\">, <\/span><a href=\"https:\/\/fmg.be\/category\/tva\/\" rel=\"tag\">tva<\/a><\/div>\n\n<h2 class=\"wp-block-post-title has-medium-font-size\"><a href=\"https:\/\/fmg.be\/en\/les-cadeaux-daffaires\/\" target=\"_self\" >Les cadeaux d&#8217;affaires<\/a><\/h2>\n<\/li><li class=\"wp-block-post post-1289 post type-post status-publish format-standard has-post-thumbnail hentry category-fiscalite\">\n<figure style=\"aspect-ratio:1;\" class=\"wp-block-post-featured-image\"><img loading=\"lazy\" decoding=\"async\" width=\"1024\" height=\"682\" src=\"https:\/\/fmg.be\/wp-content\/uploads\/2025\/11\/bmw-2964072_1280-1024x682.jpg\" class=\"attachment-large size-large wp-post-image\" alt=\"\" style=\"width:100%;height:100%;object-fit:cover;\" srcset=\"https:\/\/fmg.be\/wp-content\/uploads\/2025\/11\/bmw-2964072_1280-1024x682.jpg 1024w, https:\/\/fmg.be\/wp-content\/uploads\/2025\/11\/bmw-2964072_1280-300x200.jpg 300w, https:\/\/fmg.be\/wp-content\/uploads\/2025\/11\/bmw-2964072_1280-768x512.jpg 768w, https:\/\/fmg.be\/wp-content\/uploads\/2025\/11\/bmw-2964072_1280.jpg 1280w\" sizes=\"auto, (max-width: 1024px) 100vw, 1024px\" \/><\/figure>\n\n<div class=\"wp-block-post-date has-xx-large-font-size\"><time datetime=\"2025-11-07T12:11:54+01:00\">07.11.25<\/time><\/div>\n\n<div class=\"taxonomy-category wp-block-post-terms\"><a href=\"https:\/\/fmg.be\/category\/fiscalite\/\" rel=\"tag\">fiscalit\u00e9<\/a><\/div>\n\n<h2 class=\"wp-block-post-title has-medium-font-size\"><a href=\"https:\/\/fmg.be\/en\/deductibilite-fiscale-des-frais-de-voiture\/\" target=\"_self\" >D\u00e9ductibilit\u00e9 fiscale des frais de voiture<\/a><\/h2>\n<\/li><li class=\"wp-block-post post-1284 post type-post status-publish format-standard has-post-thumbnail hentry category-divers\">\n<figure style=\"aspect-ratio:1;\" class=\"wp-block-post-featured-image\"><img loading=\"lazy\" decoding=\"async\" width=\"1024\" height=\"538\" src=\"https:\/\/fmg.be\/wp-content\/uploads\/2025\/11\/co2-3139225_1280-1024x538.jpg\" class=\"attachment-large size-large wp-post-image\" alt=\"\" style=\"width:100%;height:100%;object-fit:cover;\" srcset=\"https:\/\/fmg.be\/wp-content\/uploads\/2025\/11\/co2-3139225_1280-1024x538.jpg 1024w, https:\/\/fmg.be\/wp-content\/uploads\/2025\/11\/co2-3139225_1280-300x158.jpg 300w, https:\/\/fmg.be\/wp-content\/uploads\/2025\/11\/co2-3139225_1280-768x403.jpg 768w, https:\/\/fmg.be\/wp-content\/uploads\/2025\/11\/co2-3139225_1280.jpg 1280w\" sizes=\"auto, (max-width: 1024px) 100vw, 1024px\" \/><\/figure>\n\n<div class=\"wp-block-post-date has-xx-large-font-size\"><time datetime=\"2025-11-07T06:30:18+01:00\">07.11.25<\/time><\/div>\n\n<div class=\"taxonomy-category wp-block-post-terms\"><a href=\"https:\/\/fmg.be\/category\/divers\/\" rel=\"tag\">divers<\/a><\/div>\n\n<h2 class=\"wp-block-post-title has-medium-font-size\"><a href=\"https:\/\/fmg.be\/en\/carbon-border-adjustment-mechanism-cbam\/\" target=\"_self\" >Carbon Border Adjustment Mechanism\u00a0&#8211; CBAM<\/a><\/h2>\n<\/li><li class=\"wp-block-post post-1255 post type-post status-publish format-standard has-post-thumbnail hentry category-fiscalite\">\n<figure style=\"aspect-ratio:1;\" class=\"wp-block-post-featured-image\"><img loading=\"lazy\" decoding=\"async\" width=\"1024\" height=\"682\" src=\"https:\/\/fmg.be\/wp-content\/uploads\/2025\/09\/carsharing-4382651_1280-1024x682.jpg\" class=\"attachment-large size-large wp-post-image\" alt=\"\" style=\"width:100%;height:100%;object-fit:cover;\" srcset=\"https:\/\/fmg.be\/wp-content\/uploads\/2025\/09\/carsharing-4382651_1280-1024x682.jpg 1024w, https:\/\/fmg.be\/wp-content\/uploads\/2025\/09\/carsharing-4382651_1280-300x200.jpg 300w, https:\/\/fmg.be\/wp-content\/uploads\/2025\/09\/carsharing-4382651_1280-768x512.jpg 768w, https:\/\/fmg.be\/wp-content\/uploads\/2025\/09\/carsharing-4382651_1280.jpg 1280w\" sizes=\"auto, (max-width: 1024px) 100vw, 1024px\" \/><\/figure>\n\n<div class=\"wp-block-post-date has-xx-large-font-size\"><time datetime=\"2025-09-08T13:45:46+02:00\">08.09.25<\/time><\/div>\n\n<div class=\"taxonomy-category wp-block-post-terms\"><a href=\"https:\/\/fmg.be\/category\/fiscalite\/\" rel=\"tag\">fiscalit\u00e9<\/a><\/div>\n\n<h2 class=\"wp-block-post-title has-medium-font-size\"><a href=\"https:\/\/fmg.be\/en\/indemnite-pour-recharge-dun-vehicule-electrique\/\" target=\"_self\" >Indemnit\u00e9 pour recharge d&#8217;un v\u00e9hicule \u00e9lectrique<\/a><\/h2>\n<\/li><li class=\"wp-block-post post-1238 post type-post status-publish format-standard has-post-thumbnail hentry category-fiscalite\">\n<figure style=\"aspect-ratio:1;\" class=\"wp-block-post-featured-image\"><img loading=\"lazy\" decoding=\"async\" width=\"1024\" height=\"682\" src=\"https:\/\/fmg.be\/wp-content\/uploads\/2025\/08\/hamburger-494706_1280-1024x682.jpg\" class=\"attachment-large size-large wp-post-image\" alt=\"\" style=\"width:100%;height:100%;object-fit:cover;\" srcset=\"https:\/\/fmg.be\/wp-content\/uploads\/2025\/08\/hamburger-494706_1280-1024x682.jpg 1024w, https:\/\/fmg.be\/wp-content\/uploads\/2025\/08\/hamburger-494706_1280-300x200.jpg 300w, https:\/\/fmg.be\/wp-content\/uploads\/2025\/08\/hamburger-494706_1280-768x512.jpg 768w, https:\/\/fmg.be\/wp-content\/uploads\/2025\/08\/hamburger-494706_1280.jpg 1280w\" sizes=\"auto, (max-width: 1024px) 100vw, 1024px\" \/><\/figure>\n\n<div class=\"wp-block-post-date has-xx-large-font-size\"><time datetime=\"2025-08-28T11:38:58+02:00\">28.08.25<\/time><\/div>\n\n<div class=\"taxonomy-category wp-block-post-terms\"><a href=\"https:\/\/fmg.be\/category\/fiscalite\/\" rel=\"tag\">fiscalit\u00e9<\/a><\/div>\n\n<h2 class=\"wp-block-post-title has-medium-font-size\"><a href=\"https:\/\/fmg.be\/en\/augmentation-de-la-valeur-maximale-des-cheques-repas\/\" target=\"_self\" >Augmentation de la valeur maximale des ch\u00e8ques-repas<\/a><\/h2>\n<\/li><\/ul>\n\n<nav class=\"wp-block-query-pagination is-layout-flex wp-block-query-pagination-is-layout-flex\" aria-label=\"Pagination\">\n\n\n<div class=\"wp-block-query-pagination-numbers\"><span aria-current=\"page\" class=\"page-numbers current\">1<\/span>\n<a class=\"page-numbers\" href=\"?query-2-page=2\">2<\/a>\n<a class=\"page-numbers\" href=\"?query-2-page=3\">3<\/a><\/div>\n\n<a href=\"\/en\/wp-json\/wp\/v2\/pages\/1021?query-2-page=2\" class=\"wp-block-query-pagination-next\">Next Page<\/a>\n<\/nav>\n\n<\/div>\n<\/div>\n<\/div>\n","protected":false},"excerpt":{"rendered":"<p>for your tax situation<\/p>\n","protected":false},"author":1,"featured_media":138,"parent":0,"menu_order":0,"comment_status":"closed","ping_status":"closed","template":"","meta":{"footnotes":""},"class_list":["post-1021","page","type-page","status-publish","has-post-thumbnail","hentry"],"yoast_head":"<!-- This site is optimized with the Yoast SEO plugin v27.3 - https:\/\/yoast.com\/product\/yoast-seo-wordpress\/ -->\n<title>News - Fiduciaire Montgomery<\/title>\n<meta name=\"robots\" content=\"index, follow, max-snippet:-1, max-image-preview:large, max-video-preview:-1\" \/>\n<link rel=\"canonical\" href=\"https:\/\/fmg.be\/en\/news\/\" \/>\n<link rel=\"next\" href=\"https:\/\/fmg.be\/en\/news\/1021?query-2-page=2\" \/>\n<meta property=\"og:locale\" content=\"en_US\" \/>\n<meta property=\"og:type\" content=\"article\" \/>\n<meta property=\"og:title\" content=\"News - Fiduciaire Montgomery\" \/>\n<meta property=\"og:description\" content=\"for your tax situation\" \/>\n<meta property=\"og:url\" content=\"https:\/\/fmg.be\/en\/news\/\" \/>\n<meta property=\"og:site_name\" content=\"Fiduciaire Montgomery\" \/>\n<meta property=\"article:modified_time\" content=\"2025-08-01T14:21:54+00:00\" \/>\n<meta property=\"og:image\" content=\"https:\/\/fmg.be\/wp-content\/uploads\/2025\/06\/actus-fmg.jpg\" \/>\n\t<meta property=\"og:image:width\" content=\"1868\" \/>\n\t<meta property=\"og:image:height\" content=\"810\" \/>\n\t<meta property=\"og:image:type\" content=\"image\/jpeg\" \/>\n<meta name=\"twitter:card\" content=\"summary_large_image\" \/>\n<script type=\"application\/ld+json\" class=\"yoast-schema-graph\">{\"@context\":\"https:\\\/\\\/schema.org\",\"@graph\":[{\"@type\":\"WebPage\",\"@id\":\"https:\\\/\\\/fmg.be\\\/en\\\/news\\\/\",\"url\":\"https:\\\/\\\/fmg.be\\\/en\\\/news\\\/\",\"name\":\"News - Fiduciaire Montgomery\",\"isPartOf\":{\"@id\":\"https:\\\/\\\/fmg.be\\\/#website\"},\"primaryImageOfPage\":{\"@id\":\"https:\\\/\\\/fmg.be\\\/en\\\/news\\\/#primaryimage\"},\"image\":{\"@id\":\"https:\\\/\\\/fmg.be\\\/en\\\/news\\\/#primaryimage\"},\"thumbnailUrl\":\"https:\\\/\\\/fmg.be\\\/wp-content\\\/uploads\\\/2025\\\/06\\\/actus-fmg.jpg\",\"datePublished\":\"2025-06-24T08:43:03+00:00\",\"dateModified\":\"2025-08-01T14:21:54+00:00\",\"breadcrumb\":{\"@id\":\"https:\\\/\\\/fmg.be\\\/en\\\/news\\\/#breadcrumb\"},\"inLanguage\":\"en-US\",\"potentialAction\":[{\"@type\":\"ReadAction\",\"target\":[\"https:\\\/\\\/fmg.be\\\/en\\\/news\\\/\"]}]},{\"@type\":\"ImageObject\",\"inLanguage\":\"en-US\",\"@id\":\"https:\\\/\\\/fmg.be\\\/en\\\/news\\\/#primaryimage\",\"url\":\"https:\\\/\\\/fmg.be\\\/wp-content\\\/uploads\\\/2025\\\/06\\\/actus-fmg.jpg\",\"contentUrl\":\"https:\\\/\\\/fmg.be\\\/wp-content\\\/uploads\\\/2025\\\/06\\\/actus-fmg.jpg\",\"width\":1868,\"height\":810},{\"@type\":\"BreadcrumbList\",\"@id\":\"https:\\\/\\\/fmg.be\\\/en\\\/news\\\/#breadcrumb\",\"itemListElement\":[{\"@type\":\"ListItem\",\"position\":1,\"name\":\"Accueil\",\"item\":\"https:\\\/\\\/fmg.be\\\/en\\\/\"},{\"@type\":\"ListItem\",\"position\":2,\"name\":\"News\"}]},{\"@type\":\"WebSite\",\"@id\":\"https:\\\/\\\/fmg.be\\\/#website\",\"url\":\"https:\\\/\\\/fmg.be\\\/\",\"name\":\"Fiduciaire Montgomery\",\"description\":\"Une approche globale en ligne avec vos besoins\",\"publisher\":{\"@id\":\"https:\\\/\\\/fmg.be\\\/#organization\"},\"potentialAction\":[{\"@type\":\"SearchAction\",\"target\":{\"@type\":\"EntryPoint\",\"urlTemplate\":\"https:\\\/\\\/fmg.be\\\/?s={search_term_string}\"},\"query-input\":{\"@type\":\"PropertyValueSpecification\",\"valueRequired\":true,\"valueName\":\"search_term_string\"}}],\"inLanguage\":\"en-US\"},{\"@type\":\"Organization\",\"@id\":\"https:\\\/\\\/fmg.be\\\/#organization\",\"name\":\"Fiduciaire Montgomery\",\"url\":\"https:\\\/\\\/fmg.be\\\/\",\"logo\":{\"@type\":\"ImageObject\",\"inLanguage\":\"en-US\",\"@id\":\"https:\\\/\\\/fmg.be\\\/#\\\/schema\\\/logo\\\/image\\\/\",\"url\":\"https:\\\/\\\/fmg.be\\\/wp-content\\\/uploads\\\/2025\\\/06\\\/logo-fmg-color-tiny.svg\",\"contentUrl\":\"https:\\\/\\\/fmg.be\\\/wp-content\\\/uploads\\\/2025\\\/06\\\/logo-fmg-color-tiny.svg\",\"caption\":\"Fiduciaire Montgomery\"},\"image\":{\"@id\":\"https:\\\/\\\/fmg.be\\\/#\\\/schema\\\/logo\\\/image\\\/\"}}]}<\/script>\n<!-- \/ Yoast SEO plugin. -->","yoast_head_json":{"title":"News - Fiduciaire Montgomery","robots":{"index":"index","follow":"follow","max-snippet":"max-snippet:-1","max-image-preview":"max-image-preview:large","max-video-preview":"max-video-preview:-1"},"canonical":"https:\/\/fmg.be\/en\/news\/","next":"https:\/\/fmg.be\/en\/news\/1021?query-2-page=2","og_locale":"en_US","og_type":"article","og_title":"News - Fiduciaire Montgomery","og_description":"for your tax situation","og_url":"https:\/\/fmg.be\/en\/news\/","og_site_name":"Fiduciaire Montgomery","article_modified_time":"2025-08-01T14:21:54+00:00","og_image":[{"width":1868,"height":810,"url":"https:\/\/fmg.be\/wp-content\/uploads\/2025\/06\/actus-fmg.jpg","type":"image\/jpeg"}],"twitter_card":"summary_large_image","schema":{"@context":"https:\/\/schema.org","@graph":[{"@type":"WebPage","@id":"https:\/\/fmg.be\/en\/news\/","url":"https:\/\/fmg.be\/en\/news\/","name":"News - Fiduciaire Montgomery","isPartOf":{"@id":"https:\/\/fmg.be\/#website"},"primaryImageOfPage":{"@id":"https:\/\/fmg.be\/en\/news\/#primaryimage"},"image":{"@id":"https:\/\/fmg.be\/en\/news\/#primaryimage"},"thumbnailUrl":"https:\/\/fmg.be\/wp-content\/uploads\/2025\/06\/actus-fmg.jpg","datePublished":"2025-06-24T08:43:03+00:00","dateModified":"2025-08-01T14:21:54+00:00","breadcrumb":{"@id":"https:\/\/fmg.be\/en\/news\/#breadcrumb"},"inLanguage":"en-US","potentialAction":[{"@type":"ReadAction","target":["https:\/\/fmg.be\/en\/news\/"]}]},{"@type":"ImageObject","inLanguage":"en-US","@id":"https:\/\/fmg.be\/en\/news\/#primaryimage","url":"https:\/\/fmg.be\/wp-content\/uploads\/2025\/06\/actus-fmg.jpg","contentUrl":"https:\/\/fmg.be\/wp-content\/uploads\/2025\/06\/actus-fmg.jpg","width":1868,"height":810},{"@type":"BreadcrumbList","@id":"https:\/\/fmg.be\/en\/news\/#breadcrumb","itemListElement":[{"@type":"ListItem","position":1,"name":"Accueil","item":"https:\/\/fmg.be\/en\/"},{"@type":"ListItem","position":2,"name":"News"}]},{"@type":"WebSite","@id":"https:\/\/fmg.be\/#website","url":"https:\/\/fmg.be\/","name":"Fiduciaire Montgomery","description":"Une approche globale en ligne avec vos besoins","publisher":{"@id":"https:\/\/fmg.be\/#organization"},"potentialAction":[{"@type":"SearchAction","target":{"@type":"EntryPoint","urlTemplate":"https:\/\/fmg.be\/?s={search_term_string}"},"query-input":{"@type":"PropertyValueSpecification","valueRequired":true,"valueName":"search_term_string"}}],"inLanguage":"en-US"},{"@type":"Organization","@id":"https:\/\/fmg.be\/#organization","name":"Fiduciaire Montgomery","url":"https:\/\/fmg.be\/","logo":{"@type":"ImageObject","inLanguage":"en-US","@id":"https:\/\/fmg.be\/#\/schema\/logo\/image\/","url":"https:\/\/fmg.be\/wp-content\/uploads\/2025\/06\/logo-fmg-color-tiny.svg","contentUrl":"https:\/\/fmg.be\/wp-content\/uploads\/2025\/06\/logo-fmg-color-tiny.svg","caption":"Fiduciaire Montgomery"},"image":{"@id":"https:\/\/fmg.be\/#\/schema\/logo\/image\/"}}]}},"_links":{"self":[{"href":"https:\/\/fmg.be\/en\/wp-json\/wp\/v2\/pages\/1021","targetHints":{"allow":["GET"]}}],"collection":[{"href":"https:\/\/fmg.be\/en\/wp-json\/wp\/v2\/pages"}],"about":[{"href":"https:\/\/fmg.be\/en\/wp-json\/wp\/v2\/types\/page"}],"author":[{"embeddable":true,"href":"https:\/\/fmg.be\/en\/wp-json\/wp\/v2\/users\/1"}],"replies":[{"embeddable":true,"href":"https:\/\/fmg.be\/en\/wp-json\/wp\/v2\/comments?post=1021"}],"version-history":[{"count":1,"href":"https:\/\/fmg.be\/en\/wp-json\/wp\/v2\/pages\/1021\/revisions"}],"predecessor-version":[{"id":1022,"href":"https:\/\/fmg.be\/en\/wp-json\/wp\/v2\/pages\/1021\/revisions\/1022"}],"wp:featuredmedia":[{"embeddable":true,"href":"https:\/\/fmg.be\/en\/wp-json\/wp\/v2\/media\/138"}],"wp:attachment":[{"href":"https:\/\/fmg.be\/en\/wp-json\/wp\/v2\/media?parent=1021"}],"curies":[{"name":"wp","href":"https:\/\/api.w.org\/{rel}","templated":true}]}}